{"id":2,"date":"2007-10-30T15:27:25","date_gmt":"2007-10-30T18:27:25","guid":{"rendered":""},"modified":"2024-08-20T12:18:08","modified_gmt":"2024-08-20T17:18:08","slug":"acerca-de","status":"publish","type":"page","link":"https:\/\/innovasoft.com.ec\/?page_id=2","title":{"rendered":"Acerca de Nosotros"},"content":{"rendered":"\t\t<div data-elementor-type=\"wp-page\" data-elementor-id=\"2\" class=\"elementor elementor-2\">\n\t\t\t\t<div class=\"elementor-element elementor-element-4184818a e-flex e-con-boxed e-con e-parent\" data-id=\"4184818a\" data-element_type=\"container\">\n\t\t\t\t\t<div class=\"e-con-inner\">\n\t\t\t\t<div class=\"elementor-element elementor-element-107a11d elementor-widget elementor-widget-text-editor\" data-id=\"107a11d\" data-element_type=\"widget\" data-widget_type=\"text-editor.default\">\n\t\t\t\t<div class=\"elementor-widget-container\">\n\t\t\t<style>\/*! elementor - v3.23.0 - 25-07-2024 *\/\n.elementor-widget-text-editor.elementor-drop-cap-view-stacked .elementor-drop-cap{background-color:#69727d;color:#fff}.elementor-widget-text-editor.elementor-drop-cap-view-framed .elementor-drop-cap{color:#69727d;border:3px solid;background-color:transparent}.elementor-widget-text-editor:not(.elementor-drop-cap-view-default) .elementor-drop-cap{margin-top:8px}.elementor-widget-text-editor:not(.elementor-drop-cap-view-default) .elementor-drop-cap-letter{width:1em;height:1em}.elementor-widget-text-editor .elementor-drop-cap{float:left;text-align:center;line-height:1;font-size:50px}.elementor-widget-text-editor .elementor-drop-cap-letter{display:inline-block}<\/style>\t\t\t\t<p>Nuestra compa\u00f1\u00eda\u00a0 INNOVASOFTIN S.A. fue constituida el 4 de noviembre del 2014 con la finalidad de dedicarse a la actividad de consultor\u00eda inform\u00e1tica, programaci\u00f3n de sistemas y publicaciones de p\u00e1gina web, y otras actividades conexas, sin embargo nuestra experiencia como asesores tecnol\u00f3gicos se inicia el 3 de Agosto del a\u00f1o 2000 como INNOVASOFT empresa de servicios profesionales personales con fines comerciales en el \u00c1rea Inform\u00e1tica para satisfacer las necesidades de las empresas ecuatorianas con la clara idea de brindar excelencia e innovaci\u00f3n en nuestros servicios, mediante el aprovechamiento de la tecnolog\u00eda de punta unida a la juventud, experiencia y alta calidad de nuestro grupo profesional.<\/p><p>Actualmente con la constituci\u00f3n de nuestra compa\u00f1\u00eda INNOVASOFTIN S.A. se ha iniciado una nueva proyecci\u00f3n de nuestras metas las cuales nos impulsan a mejorar a nivel de estructura empresarial y enmarcarnos en brindar nuestros servicios a un mercado m\u00e1s amplio y a gran escala nacional e internacional.<\/p><p>El compromiso adquirido con nuestro selecto grupo de clientes y su gran satisfacci\u00f3n con los servicios y productos entregados nos ha llevado en un crecimiento vertiginoso lo cual nos ha impulsado a crecer y fortalecer nuestro compromiso de servicio y excelencia, para esto hemos alcanzado nuestro primer objetivo que fue constituirnos como una compa\u00f1\u00eda y establecer alianzas estrat\u00e9gicas con nuestros proveedores internacionales. Estamos convencidos que seguimos caminando por el sendero correcto y esperamos llegar en este a\u00f1o 2015 a colocar nuestra marca INNOVASOFTIN como un referente de calidad y garant\u00eda en el medio empresarial en cuanto a servicios y productos de software ecuatoriano.<\/p><p>Invitamos a todo empresario emprendedor e innovador a establecer relaciones comerciales con nuestra compa\u00f1\u00eda y que puedan vivir la grata experiencia de crecimiento empresarial gracias a la implementaci\u00f3n a medida de soluciones de software innovadoras elaboradas de manera inteligente con la utilizaci\u00f3n de metodolog\u00edas de desarrollo como SCRUM y herramientas de programaci\u00f3n con frameworks de alto rendimiento y una \u00e1gil elaboraci\u00f3n de interfaces amigables.<\/p>\t\t\t\t\t\t<\/div>\n\t\t\t\t<\/div>\n\t\t\t\t\t<\/div>\n\t\t\t\t<\/div>\n\t\t\t\t<\/div>\n\t\t","protected":false},"excerpt":{"rendered":"<p>Nuestra compa\u00f1\u00eda\u00a0 INNOVASOFTIN S.A. fue constituida el 4 de noviembre del 2014 con la finalidad de dedicarse a la actividad de consultor\u00eda inform\u00e1tica, programaci\u00f3n de sistemas y publicaciones de p\u00e1gina web, y otras actividades conexas, sin embargo nuestra experiencia como asesores tecnol\u00f3gicos se inicia el 3 de Agosto del a\u00f1o 2000 como INNOVASOFT empresa de&nbsp;&hellip;<\/p>\n","protected":false},"author":1,"featured_media":0,"parent":0,"menu_order":0,"comment_status":"closed","ping_status":"open","template":"pro\/page-templates\/full-width-page.php","meta":{"footnotes":""},"class_list":["post-2","page","type-page","status-publish","hentry"],"_links":{"self":[{"href":"https:\/\/innovasoft.com.ec\/index.php?rest_route=\/wp\/v2\/pages\/2"}],"collection":[{"href":"https:\/\/innovasoft.com.ec\/index.php?rest_route=\/wp\/v2\/pages"}],"about":[{"href":"https:\/\/innovasoft.com.ec\/index.php?rest_route=\/wp\/v2\/types\/page"}],"author":[{"embeddable":true,"href":"https:\/\/innovasoft.com.ec\/index.php?rest_route=\/wp\/v2\/users\/1"}],"replies":[{"embeddable":true,"href":"https:\/\/innovasoft.com.ec\/index.php?rest_route=%2Fwp%2Fv2%2Fcomments&post=2"}],"version-history":[{"count":9,"href":"https:\/\/innovasoft.com.ec\/index.php?rest_route=\/wp\/v2\/pages\/2\/revisions"}],"predecessor-version":[{"id":334,"href":"https:\/\/innovasoft.com.ec\/index.php?rest_route=\/wp\/v2\/pages\/2\/revisions\/334"}],"wp:attachment":[{"href":"https:\/\/innovasoft.com.ec\/index.php?rest_route=%2Fwp%2Fv2%2Fmedia&parent=2"}],"curies":[{"name":"wp","href":"https:\/\/api.w.org\/{rel}","templated":true}]}}